{"id":1161,"date":"2019-11-02T19:38:53","date_gmt":"2019-11-02T19:38:53","guid":{"rendered":"https:\/\/fundacionprolongar.org\/experiencia\/arte-para-reconstruir\/?page_id=1161"},"modified":"2020-10-26T15:45:27","modified_gmt":"2020-10-26T15:45:27","slug":"usaid","status":"publish","type":"page","link":"https:\/\/fundacionprolongar.org\/experiencia\/arte-para-reconstruir\/usaid\/","title":{"rendered":"USAID"},"content":{"rendered":"\t\t<div data-elementor-type=\"wp-page\" data-elementor-id=\"1161\" class=\"elementor elementor-1161\" data-elementor-post-type=\"page\">\n\t\t\t\t\t\t<section class=\"elementor-section elementor-top-section elementor-element elementor-element-d4c8ada elementor-section-stretched elementor-section-full_width elementor-section-height-default elementor-section-height-default\" data-id=\"d4c8ada\" data-element_type=\"section\" data-e-type=\"section\" data-settings=\"{&quot;stretch_section&quot;:&quot;section-stretched&quot;}\">\n\t\t\t\t\t\t<div class=\"elementor-container elementor-column-gap-no\">\n\t\t\t\t\t<div class=\"elementor-column elementor-col-100 elementor-top-column elementor-element elementor-element-50882d9\" data-id=\"50882d9\" data-element_type=\"column\" data-e-type=\"column\">\n\t\t\t<div class=\"elementor-widget-wrap elementor-element-populated\">\n\t\t\t\t\t\t<div class=\"elementor-element elementor-element-cba32c9 elementor-widget elementor-widget-image\" data-id=\"cba32c9\" data-element_type=\"widget\" data-e-type=\"widget\" data-widget_type=\"image.default\">\n\t\t\t\t<div class=\"elementor-widget-container\">\n\t\t\t\t\t\t\t\t\t\t\t\t\t\t\t<img fetchpriority=\"high\" decoding=\"async\" width=\"1348\" height=\"322\" src=\"https:\/\/fundacionprolongar.org\/experiencia\/arte-para-reconstruir\/wp-content\/uploads\/2019\/11\/USAID-1.jpg\" class=\"attachment-full size-full wp-image-1638\" alt=\"\" srcset=\"https:\/\/fundacionprolongar.org\/experiencia\/arte-para-reconstruir\/wp-content\/uploads\/2019\/11\/USAID-1.jpg 1348w, https:\/\/fundacionprolongar.org\/experiencia\/arte-para-reconstruir\/wp-content\/uploads\/2019\/11\/USAID-1-300x72.jpg 300w, https:\/\/fundacionprolongar.org\/experiencia\/arte-para-reconstruir\/wp-content\/uploads\/2019\/11\/USAID-1-768x183.jpg 768w, https:\/\/fundacionprolongar.org\/experiencia\/arte-para-reconstruir\/wp-content\/uploads\/2019\/11\/USAID-1-1024x245.jpg 1024w\" sizes=\"100vw\" \/>\t\t\t\t\t\t\t\t\t\t\t\t\t\t\t<\/div>\n\t\t\t\t<\/div>\n\t\t\t\t\t<\/div>\n\t\t<\/div>\n\t\t\t\t\t<\/div>\n\t\t<\/section>\n\t\t\t\t<section class=\"elementor-section elementor-top-section elementor-element elementor-element-ddbae71 elementor-section-boxed elementor-section-height-default elementor-section-height-default\" data-id=\"ddbae71\" data-element_type=\"section\" data-e-type=\"section\">\n\t\t\t\t\t\t<div class=\"elementor-container elementor-column-gap-default\">\n\t\t\t\t\t<div class=\"elementor-column elementor-col-100 elementor-top-column elementor-element elementor-element-9e05710\" data-id=\"9e05710\" data-element_type=\"column\" data-e-type=\"column\">\n\t\t\t<div class=\"elementor-widget-wrap elementor-element-populated\">\n\t\t\t\t\t\t<div class=\"elementor-element elementor-element-0188468 elementor-widget elementor-widget-text-editor\" data-id=\"0188468\" data-element_type=\"widget\" data-e-type=\"widget\" data-widget_type=\"text-editor.default\">\n\t\t\t\t<div class=\"elementor-widget-container\">\n\t\t\t\t\t\t\t\t\t<p>Para <strong>USAID<\/strong> ha sido un gran honor apoyar el proyecto \u201cArte para Reconstruir\u201d de la Fundaci\u00f3n Prolongar. La fundaci\u00f3n fue una ganadora del Fondo Global de Paz y Reconciliaci\u00f3n de <strong>USAID<\/strong> en el 2018, fondo que apoya programas y actividades de mitigaci\u00f3n de conflictos y reconciliaci\u00f3n que re\u00fanen a personas en diferentes \u00e1reas del conflicto. Estos programas brindan oportunidades para que los adversarios aborden los problemas, concilien las diferencias, promuevan una mayor comprensi\u00f3n y confianza mutua, y trabajen en objetivos comunes como el respeto y en conflictos potenciales actuales o recientes.\u00a0<\/p><p>Es por eso que \u201cArte para Reconstruir\u201d es un buen ejemplo de la intenci\u00f3n de este fondo. Es un honor presenciar otro logro m\u00e1s de este proyecto: un sitio web multimedia que estar\u00e1 disponible en ingl\u00e9s y en espa\u00f1ol para todos los que quieran conocer de cerca las historias de vida de los participantes, los resultados alcanzados y las recomendaciones para implementar proyectos de reconciliaci\u00f3n en Colombia y en el mundo.\u00a0<\/p>\t\t\t\t\t\t\t\t<\/div>\n\t\t\t\t<\/div>\n\t\t\t\t\t<\/div>\n\t\t<\/div>\n\t\t\t\t\t<\/div>\n\t\t<\/section>\n\t\t\t\t<\/div>\n\t\t","protected":false},"excerpt":{"rendered":"<p>Para USAID ha sido un gran honor apoyar el proyecto \u201cArte para Reconstruir\u201d de la Fundaci\u00f3n Prolongar. La fundaci\u00f3n fue una ganadora del Fondo Global de Paz y Reconciliaci\u00f3n de USAID en el 2018, fondo que apoya programas y actividades de mitigaci\u00f3n de conflictos y reconciliaci\u00f3n que re\u00fanen a personas en diferentes \u00e1reas del conflicto. [&hellip;]<\/p>\n","protected":false},"author":1,"featured_media":0,"parent":0,"menu_order":0,"comment_status":"closed","ping_status":"closed","template":"","meta":{"footnotes":""},"class_list":["post-1161","page","type-page","status-publish","hentry"],"_links":{"self":[{"href":"https:\/\/fundacionprolongar.org\/experiencia\/arte-para-reconstruir\/wp-json\/wp\/v2\/pages\/1161","targetHints":{"allow":["GET"]}}],"collection":[{"href":"https:\/\/fundacionprolongar.org\/experiencia\/arte-para-reconstruir\/wp-json\/wp\/v2\/pages"}],"about":[{"href":"https:\/\/fundacionprolongar.org\/experiencia\/arte-para-reconstruir\/wp-json\/wp\/v2\/types\/page"}],"author":[{"embeddable":true,"href":"https:\/\/fundacionprolongar.org\/experiencia\/arte-para-reconstruir\/wp-json\/wp\/v2\/users\/1"}],"replies":[{"embeddable":true,"href":"https:\/\/fundacionprolongar.org\/experiencia\/arte-para-reconstruir\/wp-json\/wp\/v2\/comments?post=1161"}],"version-history":[{"count":0,"href":"https:\/\/fundacionprolongar.org\/experiencia\/arte-para-reconstruir\/wp-json\/wp\/v2\/pages\/1161\/revisions"}],"wp:attachment":[{"href":"https:\/\/fundacionprolongar.org\/experiencia\/arte-para-reconstruir\/wp-json\/wp\/v2\/media?parent=1161"}],"curies":[{"name":"wp","href":"https:\/\/api.w.org\/{rel}","templated":true}]}}