{"id":1163,"date":"2019-11-02T19:39:09","date_gmt":"2019-11-02T19:39:09","guid":{"rendered":"https:\/\/fundacionprolongar.org\/experiencia\/arte-para-reconstruir\/?page_id=1163"},"modified":"2020-10-26T15:42:13","modified_gmt":"2020-10-26T15:42:13","slug":"kas","status":"publish","type":"page","link":"https:\/\/fundacionprolongar.org\/experiencia\/arte-para-reconstruir\/kas\/","title":{"rendered":"KAS"},"content":{"rendered":"\t\t<div data-elementor-type=\"wp-page\" data-elementor-id=\"1163\" class=\"elementor elementor-1163\" data-elementor-post-type=\"page\">\n\t\t\t\t\t\t<section class=\"elementor-section elementor-top-section elementor-element elementor-element-1aada89 elementor-section-stretched elementor-section-full_width elementor-section-height-default elementor-section-height-default\" data-id=\"1aada89\" data-element_type=\"section\" data-e-type=\"section\" data-settings=\"{&quot;stretch_section&quot;:&quot;section-stretched&quot;}\">\n\t\t\t\t\t\t<div class=\"elementor-container elementor-column-gap-no\">\n\t\t\t\t\t<div class=\"elementor-column elementor-col-100 elementor-top-column elementor-element elementor-element-4da2a61\" data-id=\"4da2a61\" data-element_type=\"column\" data-e-type=\"column\">\n\t\t\t<div class=\"elementor-widget-wrap elementor-element-populated\">\n\t\t\t\t\t\t<div class=\"elementor-element elementor-element-e173016 elementor-widget elementor-widget-image\" data-id=\"e173016\" data-element_type=\"widget\" data-e-type=\"widget\" data-widget_type=\"image.default\">\n\t\t\t\t<div class=\"elementor-widget-container\">\n\t\t\t\t\t\t\t\t\t\t\t\t\t\t\t<img decoding=\"async\" src=\"https:\/\/fundacionprolongar.org\/experiencia\/arte-para-reconstruir\/wp-content\/uploads\/2019\/11\/KAS-2.jpg\" title=\"KAS\" alt=\"KAS\" loading=\"lazy\" \/>\t\t\t\t\t\t\t\t\t\t\t\t\t\t\t<\/div>\n\t\t\t\t<\/div>\n\t\t\t\t\t<\/div>\n\t\t<\/div>\n\t\t\t\t\t<\/div>\n\t\t<\/section>\n\t\t\t\t<section class=\"elementor-section elementor-top-section elementor-element elementor-element-b958de7 elementor-section-boxed elementor-section-height-default elementor-section-height-default\" data-id=\"b958de7\" data-element_type=\"section\" data-e-type=\"section\">\n\t\t\t\t\t\t<div class=\"elementor-container elementor-column-gap-default\">\n\t\t\t\t\t<div class=\"elementor-column elementor-col-100 elementor-top-column elementor-element elementor-element-1893749\" data-id=\"1893749\" data-element_type=\"column\" data-e-type=\"column\">\n\t\t\t<div class=\"elementor-widget-wrap elementor-element-populated\">\n\t\t\t\t\t\t<div class=\"elementor-element elementor-element-c4a572c elementor-widget elementor-widget-video\" data-id=\"c4a572c\" data-element_type=\"widget\" data-e-type=\"widget\" data-settings=\"{&quot;youtube_url&quot;:&quot;https:\\\/\\\/youtu.be\\\/_mP8H5FNGbk&quot;,&quot;autoplay&quot;:&quot;yes&quot;,&quot;loop&quot;:&quot;yes&quot;,&quot;video_type&quot;:&quot;youtube&quot;,&quot;controls&quot;:&quot;yes&quot;}\" data-widget_type=\"video.default\">\n\t\t\t\t<div class=\"elementor-widget-container\">\n\t\t\t\t\t\t\t<div class=\"elementor-wrapper elementor-open-inline\">\n\t\t\t<div class=\"elementor-video\"><\/div>\t\t<\/div>\n\t\t\t\t\t\t<\/div>\n\t\t\t\t<\/div>\n\t\t\t\t\t<\/div>\n\t\t<\/div>\n\t\t\t\t\t<\/div>\n\t\t<\/section>\n\t\t\t\t<section class=\"elementor-section elementor-top-section elementor-element elementor-element-504af1c elementor-section-boxed elementor-section-height-default elementor-section-height-default\" data-id=\"504af1c\" data-element_type=\"section\" data-e-type=\"section\">\n\t\t\t\t\t\t<div class=\"elementor-container elementor-column-gap-default\">\n\t\t\t\t\t<div class=\"elementor-column elementor-col-100 elementor-top-column elementor-element elementor-element-b349bc7\" data-id=\"b349bc7\" data-element_type=\"column\" data-e-type=\"column\">\n\t\t\t<div class=\"elementor-widget-wrap elementor-element-populated\">\n\t\t\t\t\t\t<div class=\"elementor-element elementor-element-e9505c1 elementor-widget elementor-widget-text-editor\" data-id=\"e9505c1\" data-element_type=\"widget\" data-e-type=\"widget\" data-widget_type=\"text-editor.default\">\n\t\t\t\t<div class=\"elementor-widget-container\">\n\t\t\t\t\t\t\t\t\t<p>La Fundaci\u00f3n Konrad Adenauer \u2013KAS- es una fundaci\u00f3n pol\u00edtica alemana que lleva m\u00e1s de 50 a\u00f1os en Colombia cooperando en el fortalecimiento de las instituciones democr\u00e1ticas, el fomento del respeto a los derechos humanos, as\u00ed como en la promoci\u00f3n de la integraci\u00f3n regional, la formaci\u00f3n pol\u00edtica y la integraci\u00f3n ciudadana activa.<\/p><p>Para la KAS el trabajo en las regiones es fundamental para aportar a la consolidaci\u00f3n de la paz en Colombia.\u00a0 En este sentido, venimos impulsando iniciativas de paz y construcci\u00f3n de memoria con el fin de dar a conocer la realidad del pa\u00eds a trav\u00e9s de las voces de las comunidades.<\/p><p>En ese sentido, la promoci\u00f3n de iniciativas de construcci\u00f3n de paz ha estado ligada a nuestra labor desde nuestra llegada al pa\u00eds. Nosotros creemos que nuestra misi\u00f3n \u2013el fortalecimiento de la democracia y del estado de derecho\u2013 no ser\u00e1n posible del todo en la medida en que no se propicien escenarios de inclusi\u00f3n, reparaci\u00f3n y dignificaci\u00f3n de las v\u00edctimas y dem\u00e1s actores del conflicto.<\/p><p>Pues, en un panorama de posconflicto, una de las cosas m\u00e1s importantes es precisamente el objetivo del proyecto \u201cArte para Reconstruir\u201d, transitar el camino de la reconciliaci\u00f3n.\u00a0 Con este proyecto, en el que cooperamos con la Fundaci\u00f3n Prolongar y USAID, queremos sensibilizar y entregarle a la opini\u00f3n p\u00fablica insumos que promuevan espacios de convivencia pac\u00edfica y perd\u00f3n. Un proceso largo, sin duda, tambi\u00e9n complejo y doloroso, pero de gran importancia para toda la sociedad, m\u00e1s a\u00fan en la coyuntura hist\u00f3rica que atraviesa el pa\u00eds.\u00a0<\/p><p>En este contexto estamos convencidos de que herramientas como el arte pueden ser un veh\u00edculo para que a trav\u00e9s del ejercicio de hacer memoria se generen di\u00e1logos constructivos que preparen el terreno para intentar perdonar.<\/p><p>Es de resaltar que con este ejercicio queremos dignificar la memoria de v\u00edctimas civiles, de la Fuerza P\u00fablica, y personas en proceso de reintegraci\u00f3n, todos sobrevivientes con discapacidades diversas, y quienes en muchas ocasiones se han sentido invisibilizadas.<\/p><p>Por ello quisimos desarrollar siete historias visuales con testimonios de algunos de los participantes y que dan cuenta de su transformaci\u00f3n. Gracias a sus testimonios podemos advertir que para estos grupos la reparaci\u00f3n debe ser justa, sin diferencias y sin discriminaci\u00f3n. Esto, porque m\u00e1s all\u00e1 de las secuelas f\u00edsicas quedan unas emocionales que son las m\u00e1s dif\u00edciles de superar y por eso la necesidad de acompa\u00f1ar ese proceso.<\/p><p>En ese sentido, desde la KAS, queremos exaltar a todas las personas que participaron en esta iniciativa, valientes que nos prestaron sus voces y le apostaron a la reconciliaci\u00f3n, y que con su historia de vida tambi\u00e9n han logrado sensibilizar y movilizar a la ciudadan\u00eda.<\/p><p>Tambi\u00e9n agradecemos a todo el equipo de la Fundaci\u00f3n Prolongar, a Mar\u00eda Elisa Pinto su directora y por supuesto a USAID. Gracias a su esfuerzo y compromiso fue posible realizar este proyecto.<\/p><p>De manera especial les invitamos a recorrer esta p\u00e1gina web, que contiene adem\u00e1s cinco recomendaciones para los formuladores de pol\u00edtica y otros actores del posacuerdo. Con este micrositio esperamos contribuir a aumentar la conciencia social alrededor de esa tem\u00e1tica en el pa\u00eds, as\u00ed como visibilizar y exaltar a las v\u00edctimas.<\/p><p>Si bien, la decisi\u00f3n de perdonar es una decisi\u00f3n individual, estamos convencidos de que este proyecto ofrece una oportunidad para que Colombia pueda trabajar a\u00fan m\u00e1s en la reconstrucci\u00f3n de la verdad y la reconciliaci\u00f3n.<\/p><p style=\"text-align: right;\"><strong>Hubert Gehring<\/strong><\/p><p style=\"text-align: right;\"><strong>Representante de la KAS en Colombia<\/strong><\/p>\t\t\t\t\t\t\t\t<\/div>\n\t\t\t\t<\/div>\n\t\t\t\t\t<\/div>\n\t\t<\/div>\n\t\t\t\t\t<\/div>\n\t\t<\/section>\n\t\t\t\t<\/div>\n\t\t","protected":false},"excerpt":{"rendered":"<p>https:\/\/youtu.be\/_mP8H5FNGbk La Fundaci\u00f3n Konrad Adenauer \u2013KAS- es una fundaci\u00f3n pol\u00edtica alemana que lleva m\u00e1s de 50 a\u00f1os en Colombia cooperando en el fortalecimiento de las instituciones democr\u00e1ticas, el fomento del respeto a los derechos humanos, as\u00ed como en la promoci\u00f3n de la integraci\u00f3n regional, la formaci\u00f3n pol\u00edtica y la integraci\u00f3n ciudadana activa. Para la KAS [&hellip;]<\/p>\n","protected":false},"author":1,"featured_media":0,"parent":0,"menu_order":0,"comment_status":"closed","ping_status":"closed","template":"elementor_header_footer","meta":{"footnotes":""},"class_list":["post-1163","page","type-page","status-publish","hentry"],"_links":{"self":[{"href":"https:\/\/fundacionprolongar.org\/experiencia\/arte-para-reconstruir\/wp-json\/wp\/v2\/pages\/1163","targetHints":{"allow":["GET"]}}],"collection":[{"href":"https:\/\/fundacionprolongar.org\/experiencia\/arte-para-reconstruir\/wp-json\/wp\/v2\/pages"}],"about":[{"href":"https:\/\/fundacionprolongar.org\/experiencia\/arte-para-reconstruir\/wp-json\/wp\/v2\/types\/page"}],"author":[{"embeddable":true,"href":"https:\/\/fundacionprolongar.org\/experiencia\/arte-para-reconstruir\/wp-json\/wp\/v2\/users\/1"}],"replies":[{"embeddable":true,"href":"https:\/\/fundacionprolongar.org\/experiencia\/arte-para-reconstruir\/wp-json\/wp\/v2\/comments?post=1163"}],"version-history":[{"count":0,"href":"https:\/\/fundacionprolongar.org\/experiencia\/arte-para-reconstruir\/wp-json\/wp\/v2\/pages\/1163\/revisions"}],"wp:attachment":[{"href":"https:\/\/fundacionprolongar.org\/experiencia\/arte-para-reconstruir\/wp-json\/wp\/v2\/media?parent=1163"}],"curies":[{"name":"wp","href":"https:\/\/api.w.org\/{rel}","templated":true}]}}